{"id":1650,"date":"2025-11-12T12:41:05","date_gmt":"2025-11-12T12:41:05","guid":{"rendered":"https:\/\/melodychinasupply.com\/?page_id=1650"},"modified":"2025-11-16T00:07:18","modified_gmt":"2025-11-16T00:07:18","slug":"sourcing","status":"publish","type":"page","link":"https:\/\/melodychinasupply.com\/?page_id=1650","title":{"rendered":""},"content":{"rendered":"\t\t<div data-elementor-type=\"wp-page\" data-elementor-id=\"1650\" class=\"elementor elementor-1650\">\n\t\t\t\t<div class=\"elementor-element elementor-element-72c08da e-flex e-con-boxed e-con e-parent\" data-id=\"72c08da\" data-element_type=\"container\">\n\t\t\t\t\t<div class=\"e-con-inner\">\n\t\t\t\t<div class=\"elementor-element elementor-element-91ab51b elementor-widget elementor-widget-html\" data-id=\"91ab51b\" data-element_type=\"widget\" data-widget_type=\"html.default\">\n\t\t\t\t\t<!-- =========================\r\n     Melody Supply \u00b7 Hero + Services + Transport + CTA\r\n     \u5b8c\u6574\u53ef\u8cbc\u7528\uff08Elementor HTML \u5c0f\u5de5\u5177\uff09\r\n========================= -->\r\n\r\n<style>\r\n:root{\r\n  --ink:#0B1220;            \/* \u6df1\u85cd\u5e95 *\/\r\n  --ink-800:#0E1526;\r\n  --brand:#2F66F5;          \/* \u54c1\u724c\u85cd(\u6309\u9215) *\/\r\n  --brand-600:#2348B8;\r\n  --accent:#F8D047;         \/* Logo \u9ec3\u9ede\u7db4 *\/\r\n  --text:#E9EEF8;           \/* \u6df1\u5e95\u4e3b\u6587 *\/\r\n  --muted:#C8D2E6;          \/* \u6df1\u5e95\u6b21\u6587 *\/\r\n  --card:#0F172A;           \/* \u6df1\u5e95\u5361\u7247 *\/\r\n  --radius:18px;\r\n  --shadow:0 14px 30px rgba(0,0,0,.28), 0 4px 12px rgba(0,0,0,.16);\r\n}\r\n\r\n\/* \u5bb9\u5668\u8207\u6392\u7248 *\/\r\n.ms-wrap{max-width:1200px;margin:0 auto;padding:64px 18px;}\r\n.ms-eyebrow{display:inline-block;font-size:13px;letter-spacing:.12em;text-transform:uppercase;color:#AFC8FF;border:1px solid rgba(255,255,255,.2);padding:6px 10px;border-radius:999px;background:rgba(255,255,255,.06)}\r\n.ms-title{font-size:48px;line-height:1.12;margin:14px 0 10px;font-weight:900;color:#fff;margin-bottom: 40px;}\r\n.ms-subtitle {\r\n  font-size: 24px;  \/* Taille de police plus petite que le titre *\/\r\n  line-height: 1.4;  \/* Hauteur de ligne l\u00e9g\u00e8rement plus grande pour plus d'espace *\/\r\n  margin: 10px 0 20px;  \/* Marge pour espacer le sous-titre du titre et du contenu suivant *\/\r\n  font-weight: 700;  \/* L\u00e9g\u00e8rement moins gras que le titre *\/\r\n  color: rgba(255, 255, 255, 0.8);  \/* Une couleur blanche avec un peu de transparence pour le rendre plus subtil *\/\r\n  text-transform: uppercase;  \/* Transforme le texte en majuscules pour ajouter du style *\/\r\n  letter-spacing: 1px;  \/* Espacement entre les lettres pour une meilleure lisibilit\u00e9 *\/\r\n  margin-top: 60px;  \/* Ajoute un espace au-dessus du sous-titre *\/\r\n  margin-bottom: 40px; \/* Ajoute un petit espace en dessous du sous-titre *\/;\r\n}\r\n.ms-sub{color:var(--muted);font-size:17px;line-height:1.8;margin:0;margin-bottom: 20px;  \/* Ajoute un espace en dessous du paragraphe *\/}\r\n@media(min-width:992px){\r\n  .ms-title{font-size:60px}\r\n}\r\n\r\n\/* Hero *\/\r\n.ms-hero{position:relative;background:\r\n  radial-gradient(1200px 520px at 65% -10%, rgba(47,102,245,.16), transparent 60%),\r\n  var(--ink);}\r\n.ms-hero__grid{display:grid;gap:28px;align-items:center}\r\n@media(min-width:992px){.ms-hero__grid{grid-template-columns:1.1fr .9fr}}\r\n.ms-hero h1{font-size:64px;line-height:1.05;font-weight:900;margin:0;color:#fff}\r\n.ms-hero p.big{font-size:20px;color:#DDE6FF;line-height:1.9;border-left:3px solid rgba(255,255,255,.28);padding-left:16px;margin:0}\r\n\r\n\/* \u6309\u9215 *\/\r\n.ms-btn{display:inline-flex;align-items:center;justify-content:center;gap:8px;height:48px;padding:0 22px;border-radius:999px;border:0;background:var(--brand);color:#fff;font-weight:800;box-shadow:0 8px 18px rgba(47,102,245,.32);transition:.2s}\r\n.ms-btn:hover{background:var(--brand-600);transform:translateY(-2px)}\r\n.ms-btn--ghost{background:transparent;border:1px solid rgba(255,255,255,.5);color:#fff;box-shadow:none}\r\n.ms-actions{display:flex;gap:12px;flex-wrap:wrap;margin-top:26px}\r\n\r\n\/* \u4e09\u5361\u670d\u52d9 *\/\r\n.ms-services{background:var(--ink-800)}\r\n.ms-grid{display:grid;gap:24px}\r\n@media(min-width:992px){.ms-grid--3{grid-template-columns:repeat(3,1fr)}}\r\n.ms-card{background:linear-gradient(180deg, rgba(255,255,255,.04), rgba(255,255,255,.02));border:1px solid rgba(255,255,255,.14);border-radius:var(--radius);overflow:hidden;box-shadow:var(--shadow)}\r\n.ms-card__media{aspect-ratio:16\/9;background:#0c1222;position:relative;overflow:hidden}\r\n.ms-card__media img{width:100%;height:100%;object-fit:cover;display:block;filter:saturate(105%) contrast(105%)}\r\n.ms-card__body{padding:20px 20px 22px}\r\n.ms-card h3{color:#fff;margin:0 0 8px;font-size:20px;font-weight:900}\r\n.ms-card p{color:var(--muted);margin:0;line-height:1.8}\r\n.ms-list {\r\n  list-style-type: disc; \/* Utilise des puces de type cercle *\/\r\n  margin-left: 20px; \/* D\u00e9calage \u00e0 gauche pour que la liste soit indent\u00e9e *\/\r\n  font-size: 16px;\r\n  color: #666;\r\n}\r\n\r\n.ms-list li {\r\n  margin-bottom: 10px; \/* Espacement entre les \u00e9l\u00e9ments de la liste *\/\r\n}\r\n\r\n\r\n\/* \u904b\u8f38\u8aaa\u660e\uff08\u96d9\u6b04\uff09 *\/\r\n.ms-transport{background:var(--ink)}\r\n.ms-transport__grid{display:grid;gap:26px;align-items:center}\r\n@media(min-width:992px){.ms-transport__grid{grid-template-columns:.9fr 1.1fr}}\r\n.ms-list{margin:14px 0 0;padding-left:18px;color:var(--muted)}\r\n.ms-list li{margin:8px 0;line-height:1.8}\r\n.ms-badge{display:inline-block;background:rgba(248,208,71,.16);color:#FFE083;border:1px solid rgba(248,208,71,.55);padding:6px 10px;border-radius:999px;font-weight:700}\r\n\r\n\/* CTA *\/\r\n.ms-cta{background:radial-gradient(1000px 420px at 50% -10%, rgba(248,208,71,.18), transparent 60%), var(--ink-800);text-align:center}\r\n.ms-cta h2{color:#fff;font-weight:900;margin:0 0 10px}\r\n.ms-cta p{color:var(--muted);margin:0 0 18px}\r\n}\r\n\/* \u57fa\u7840\u80cc\u666f\u548c\u5b57\u4f53\u989c\u8272 *\/\r\nbody {\r\n  background-color: var(--ink);  \/* \u8bbe\u7f6e\u6df1\u8272\u80cc\u666f *\/\r\n  color: var(--text);  \/* \u767d\u8272\u6587\u672c *\/\r\n  font-family: 'Arial', sans-serif;  \/* \u5b57\u4f53\u9009\u62e9 *\/\r\n  margin: 0;\r\n  padding: 0;\r\n}\r\n\r\n\/* \u533a\u57df\u6837\u5f0f\uff0c\u6df1\u8272\u80cc\u666f *\/\r\nsection {\r\n  background-color: var(--ink);  \/* \u6df1\u8272\u80cc\u666f *\/\r\n  color: var(--text);  \/* \u767d\u8272\u6587\u5b57 *\/\r\n  padding: 20px;\r\n  margin: 20px auto;\r\n  border-radius: var(--radius); \/* \u8bbe\u7f6e\u5706\u89d2 *\/\r\n  box-shadow: var(--shadow); \/* \u6dfb\u52a0\u9634\u5f71 *\/\r\n}\r\n\r\n\/* \u6807\u9898\u6837\u5f0f *\/\r\nh1, h2, h3, h4, h5, h6 {\r\n  color: var(--text);  \/* \u6807\u9898\u4f7f\u7528\u767d\u8272 *\/\r\n  font-weight: bold;\r\n}\r\n\r\n\/* \u6b21\u7ea7\u6807\u9898 *\/\r\nh4, h5, h6 {\r\n  color: var(--muted);  \/* \u6b21\u7ea7\u6807\u9898\u4f7f\u7528\u6d45\u7070\u8272 *\/\r\n}\r\n\r\n\/* \u5217\u8868 *\/\r\n.bullet-list {\r\n  list-style-type: disc; \/* \u5706\u70b9\u7b26\u53f7 *\/\r\n  padding-left: 20px;     \/* \u5de6\u4fa7\u7f29\u8fdb *\/\r\n  color: var(--text);  \/* \u6587\u5b57\u767d\u8272 *\/\r\n}\r\n\r\n.bullet-list li {\r\n  margin-bottom: 10px;   \/* \u6bcf\u4e2a\u5217\u8868\u9879\u7684\u95f4\u8ddd *\/\r\n}\r\n\r\n\/* \u6309\u94ae\u6837\u5f0f *\/\r\nbutton, .ms7-btn {\r\n  background-color: var(--brand);  \/* \u6309\u94ae\u80cc\u666f\u4f7f\u7528\u54c1\u724c\u84dd *\/\r\n  color: #fff;  \/* \u6309\u94ae\u6587\u5b57\u4e3a\u767d\u8272 *\/\r\n  padding: 12px 24px;\r\n  border-radius: var(--radius);\r\n  border: none;\r\n  box-shadow: var(--shadow);  \/* \u9634\u5f71 *\/\r\n  cursor: pointer;\r\n  transition: background-color 0.3s ease;\r\n}\r\n\r\nbutton:hover, .ms7-btn:hover {\r\n  background-color: var(--brand-600);  \/* \u9f20\u6807\u60ac\u505c\u65f6\uff0c\u6309\u94ae\u989c\u8272\u53d8\u6df1 *\/\r\n}\r\n\r\n\/* \u94fe\u63a5\u6837\u5f0f *\/\r\na {\r\n  color: var(--brand);  \/* \u94fe\u63a5\u989c\u8272\u4f7f\u7528\u54c1\u724c\u84dd *\/\r\n  text-decoration: none;\r\n  transition: color 0.3s ease;\r\n}\r\n\r\na:hover {\r\n  color: var(--brand-600);  \/* \u60ac\u505c\u65f6\u94fe\u63a5\u989c\u8272\u52a0\u6df1 *\/\r\n}\r\n\r\n\/* \u8f93\u5165\u6846\u548c\u9009\u62e9\u6846 *\/\r\ninput, select, textarea {\r\n  background-color: var(--ink-800);  \/* \u8f93\u5165\u6846\u4f7f\u7528\u6df1\u8272\u80cc\u666f *\/\r\n  color: var(--text);  \/* \u767d\u8272\u6587\u5b57 *\/\r\n  padding: 10px;\r\n  border-radius: var(--radius);\r\n  border: 1px solid var(--muted);  \/* \u8fb9\u6846\u4f7f\u7528\u6d45\u7070\u8272 *\/\r\n  width: 100%;\r\n}\r\n\r\ninput:focus, select:focus, textarea:focus {\r\n  border-color: var(--brand);  \/* \u805a\u7126\u65f6\u8fb9\u6846\u989c\u8272 *\/\r\n}\r\n\r\n<\/style>\r\n\r\n\r\n<!-- ========== \u4e09\u5361\u670d\u52d9 ========== -->\r\n<section class=\"ms-services\">\r\n  <div class=\"ms-wrap\">\r\n      <\/br>\r\n    <div class=\"ms-eyebrow\">SOURCING \u00b7 SERVICES<\/div>\r\n    <h2 class=\"ms-title\">Service de Sourcing \u2013 Votre \u00c9quipe d\u2019Achat en Chine<\/h2>\r\n    <p class=\"ms-sub\"> Notre service de sourcing est con\u00e7u pour les entreprises qui souhaitent se d\u00e9velopper en Chine sans les difficult\u00e9s li\u00e9es \u00e0 la langue, \u00e0 la culture locale ou \u00e0 la distance. Que vous soyez \u00e0 la recherche d'un produit sp\u00e9cifique, que vous souhaitiez cr\u00e9er une gamme ou simplement obtenir de meilleurs prix directement en usine, nous g\u00e9rons tout pour vous, depuis la recherche de fournisseurs jusqu'\u00e0 l'exp\u00e9dition.<\/p>\r\n    <h3 class=\"ms-subtitle\">Ce que Comprend Notre Service de Sourcing<\/h3><\/p>\r\n\r\n    <div class=\"ms-grid ms-grid--3\" style=\"margin-top:22px\">\r\n      <article class=\"ms-card\">\r\n        <div class=\"ms-card__media\">\r\n          <img decoding=\"async\" src=\"https:\/\/melodychinasupply.com\/wp-content\/uploads\/2025\/11\/pexels-rezwan-1145434-scaled.jpg\" alt=\"\">\r\n        <\/div>\r\n        <div class=\"ms-card__body\">\r\n          <h3>Recherche de Fournisseurs Fiables<\/h3>\r\n          <p class=\"ms-sub\">\r\n  Nous s\u00e9lectionnons pour vous des usines de qualit\u00e9, en prenant en compte :\r\n<\/p>\r\n<ul class=\"ms-list\">\r\n  <li>La qualit\u00e9 des produits<\/li>\r\n  <li>Le prix direct usine<\/li>\r\n  <li>Les d\u00e9lais de production<\/li>\r\n  <li>Les certifications (CE, RoHS, FDA, etc.)<\/li>\r\n  <li>Les MOQ adapt\u00e9s \u00e0 vos besoins<\/li>\r\n<\/ul>\r\n\r\n        <\/div>\r\n      <\/article>\r\n\r\n      <article class=\"ms-card\">\r\n        <div class=\"ms-card__media\">\r\n          <img decoding=\"async\" src=\"https:\/\/melodychinasupply.com\/wp-content\/uploads\/2025\/11\/pexels-tima-miroshnichenko-5686118-scaled.jpg\" alt=\"\">\r\n        <\/div>\r\n        <div class=\"ms-card__body\">\r\n          <h3>N\u00e9gociation au Meilleur Prix<\/h3>\r\n           <p class=\"ms-sub\">\r\n Nous n\u00e9gocions directement avec les usines pour vous garantir :\r\n<\/p>\r\n<ul class=\"ms-list\">\r\n  <li>Des co\u00fbts unitaires r\u00e9duits<\/li>\r\n  <li>Des MOQ adapt\u00e9s<\/li>\r\n  <li>Moins de frais de moules et d'\u00e9chantillons<\/li>\r\n  <li>Des d\u00e9lais de production raccourcis<\/li>\r\n<\/ul>\r\n        <\/div>\r\n      <\/article>\r\n\r\n      <article class=\"ms-card\">\r\n        <div class=\"ms-card__media\">\r\n          <img decoding=\"async\" src=\"https:\/\/melodychinasupply.com\/wp-content\/uploads\/2025\/11\/pexels-yankrukov-7792818-scaled.jpg\" alt=\"\">\r\n        <\/div>\r\n        <div class=\"ms-card__body\">\r\n          <h3>Gestion Compl\u00e8te du Projet<\/h3>\r\n          <p class=\"ms-sub\">\r\nNous g\u00e9rons tous les aspects de votre projet, y compris :\r\n<\/p>\r\n<ul class=\"ms-list\">\r\n  <li>La cr\u00e9ation d\u2019\u00e9chantillons<\/li>\r\n  <li>La personnalisation et le branding<\/li>\r\n  <li>Le contr\u00f4le de qualit\u00e9<\/li>\r\n  <li>Le regroupement des marchandises pour une seule exp\u00e9dition<\/li>\r\n<\/ul>\r\n        <\/div>\r\n      <\/article>\r\n    <\/div>\r\n  <\/div>\r\n<\/section>\r\n\r\n<!-- ========== \u904b\u8f38\/\u7269\u6d41\u8aaa\u660e ========== -->\r\n<section class=\"ideal-for\">\r\n  <h2 class=\"section-title\">Id\u00e9al pour :<\/h2>\r\n  <ul class=\"bullet-list\">\r\n    <li>Importateurs & grossistes<\/li>\r\n    <li>Magasins physiques (discount, bazar, dollar store)<\/li>\r\n    <li>Cr\u00e9ateurs de marques (Private Label)<\/li>\r\n    <li>E-commer\u00e7ants (Amazon FBA, Shopify, Jumia, Shopee, MercadoLibre\u2026)<\/li>\r\n    <li>Entreprises cherchant de nouveaux fournisseurs fiables<\/li>\r\n  <\/ul>\r\n<\/section>\r\n\r\n<section class=\"why-choose\">\r\n  <h2 class=\"section-title\">Pourquoi Choisir Notre Service de Sourcing ?<\/h2>\r\n  <ul class=\"bullet-list\">\r\n    <li>\u00c9quipe multilinguale avec une compr\u00e9hension de besoins des clients internationaux<\/li>\r\n    <li>Acc\u00e8s direct \u00e0 des milliers d\u2019usines partenaires en Chine.<\/li>\r\n    <li>Frais transparents, pas de co\u00fbts cach\u00e9s.<\/li>\r\n    <li>Efficace, compr\u00e9hensif, adapt\u00e9 \u00e0 votre budget.<\/li>\r\n    <li>\u00c9quipe bas\u00e9e en Chine, pratique pour le contr\u00f4le de qualit\u00e9 et l'organisation de la logistique.<\/li>\r\n  <\/ul>\r\n<\/section>\r\n\r\n\r\n<!-- ========== \u5e95\u90e8 CTA ========== -->\r\n<section class=\"ms-cta\">\r\n  <div class=\"ms-wrap\">\r\n    <h2 class=\"ms-title\" style=\"margin-bottom:8px\">Vos besoins sont au coeur de notre pr\u00e9occupation<\/h2>\r\n    <p>Devis gratuit, veuillez nous donner le plus de pr\u00e9cision possible.<\/p>\r\n    <div class=\"ms-actions\" style=\"justify-content:center\">\r\n      <a class=\"ms-btn\" href=\"https:\/\/melodychinasupply.com\/?page_id=789\">Contactez-nous<\/a>\r\n      \r\n    <\/div>\r\n  <\/div>\r\n<\/section>\r\n\t\t\t\t<\/div>\n\t\t\t\t\t<\/div>\n\t\t\t\t<\/div>\n\t\t\t\t<\/div>\n\t\t","protected":false},"excerpt":{"rendered":"<p>SOURCING \u00b7 SERVICES Service de Sourcing \u2013 Votre \u00c9quipe d\u2019Achat en Chine Notre service de sourcing est con\u00e7u pour les entreprises qui souhaitent se d\u00e9velopper en Chine sans les difficult\u00e9s li\u00e9es \u00e0 la langue, \u00e0 la culture locale ou \u00e0 la distance. Que vous soyez \u00e0 la recherche d&#8217;un produit sp\u00e9cifique, que vous souhaitiez cr\u00e9er [&hellip;]<\/p>\n","protected":false},"author":1,"featured_media":0,"parent":0,"menu_order":0,"comment_status":"closed","ping_status":"closed","template":"","meta":{"footnotes":""},"class_list":["post-1650","page","type-page","status-publish","hentry"],"blocksy_meta":[],"_links":{"self":[{"href":"https:\/\/melodychinasupply.com\/index.php?rest_route=\/wp\/v2\/pages\/1650","targetHints":{"allow":["GET"]}}],"collection":[{"href":"https:\/\/melodychinasupply.com\/index.php?rest_route=\/wp\/v2\/pages"}],"about":[{"href":"https:\/\/melodychinasupply.com\/index.php?rest_route=\/wp\/v2\/types\/page"}],"author":[{"embeddable":true,"href":"https:\/\/melodychinasupply.com\/index.php?rest_route=\/wp\/v2\/users\/1"}],"replies":[{"embeddable":true,"href":"https:\/\/melodychinasupply.com\/index.php?rest_route=%2Fwp%2Fv2%2Fcomments&post=1650"}],"version-history":[{"count":5,"href":"https:\/\/melodychinasupply.com\/index.php?rest_route=\/wp\/v2\/pages\/1650\/revisions"}],"predecessor-version":[{"id":2098,"href":"https:\/\/melodychinasupply.com\/index.php?rest_route=\/wp\/v2\/pages\/1650\/revisions\/2098"}],"wp:attachment":[{"href":"https:\/\/melodychinasupply.com\/index.php?rest_route=%2Fwp%2Fv2%2Fmedia&parent=1650"}],"curies":[{"name":"wp","href":"https:\/\/api.w.org\/{rel}","templated":true}]}}