{"id":1657,"date":"2025-11-12T12:49:46","date_gmt":"2025-11-12T12:49:46","guid":{"rendered":"https:\/\/melodychinasupply.com\/?page_id=1657"},"modified":"2025-11-15T23:45:04","modified_gmt":"2025-11-15T23:45:04","slug":"la-procedure-douverture","status":"publish","type":"page","link":"https:\/\/melodychinasupply.com\/?page_id=1657","title":{"rendered":""},"content":{"rendered":"\t\t<div data-elementor-type=\"wp-page\" data-elementor-id=\"1657\" class=\"elementor elementor-1657\">\n\t\t\t\t<div class=\"elementor-element elementor-element-27478b4 e-flex e-con-boxed e-con e-parent\" data-id=\"27478b4\" data-element_type=\"container\">\n\t\t\t\t\t<div class=\"e-con-inner\">\n\t\t\t\t<div class=\"elementor-element elementor-element-d33b921 elementor-widget elementor-widget-heading\" data-id=\"d33b921\" data-element_type=\"widget\" data-widget_type=\"heading.default\">\n\t\t\t\t\t<h2 class=\"elementor-heading-title elementor-size-default\">La proc\u00e9dure d'ouverture<\/h2>\t\t\t\t<\/div>\n\t\t\t\t<div class=\"elementor-element elementor-element-7b4de90 elementor-widget elementor-widget-html\" data-id=\"7b4de90\" data-element_type=\"widget\" data-widget_type=\"html.default\">\n\t\t\t\t\t<!-- =========================\r\n     Melody Supply \u00b7 7-Step Process Section (\u6df1\u85cd\u98a8\u683c)\r\n     \u53ef\u76f4\u63a5\u8cbc\u5230 Elementor -> HTML \u5c0f\u5de5\u5177\r\n========================= -->\r\n<style>\r\n:root{\r\n  --ink:#0B1220;         \/* \u6df1\u85cd\u80cc\u666f *\/\r\n  --ink-800:#0E1526;\r\n  --brand:#2F66F5;       \/* \u54c1\u724c\u85cd *\/\r\n  --brand-600:#2348B8;\r\n  --accent:#F8D047;      \/* Logo \u9ec3 *\/\r\n  --text:#E9EEF8;        \/* \u6df1\u5e95\u4e3b\u6587 *\/\r\n  --muted:#C8D2E6;       \/* \u6df1\u5e95\u6b21\u6587 *\/\r\n  --card:#0F172A;        \/* \u5361\u7247\u5e95\u8272 *\/\r\n  --radius:18px;\r\n  --shadow:0 14px 30px rgba(0,0,0,.28), 0 4px 12px rgba(0,0,0,.16);\r\n}\r\n\r\n.ms7{background:\r\n  radial-gradient(1200px 520px at 65% -10%, rgba(47,102,245,.16), transparent 60%),\r\n  var(--ink); color:var(--text);}\r\n.ms7-wrap{max-width:1200px;margin:0 auto;padding:72px 18px;}\r\n.ms7-eyebrow{display:inline-block;font-size:13px;letter-spacing:.12em;\r\n  text-transform:uppercase;color:#AFC8FF;border:1px solid rgba(255,255,255,.22);\r\n  padding:6px 10px;border-radius:999px;background:rgba(255,255,255,.06)}\r\n.ms7-title{font-size:34px;line-height:1.15;margin:12px 0 10px;font-weight:900;color:#fff}\r\n.ms7-sub{color:var(--muted);font-size:17px;line-height:1.8;margin:0 0 22px}\r\n@media(min-width:992px){.ms7-title{font-size:34px}}\r\n\r\n.ms7-grid {\r\n  display: grid;\r\n  gap: 24px;\r\n  margin-top: 26px;\r\n  grid-template-columns: repeat(2, 1fr); \/* \u9ed8\u8ba4\u6bcf\u884c 2 \u5f20 *\/\r\n}\r\n\r\n\/* \u6700\u540e\u4e00\u5f20\u56fe\u7247\u5c45\u4e2d\uff0c\u4fdd\u6301\u5927\u5c0f *\/\r\n.ms7-card.last {\r\n  grid-column: 1 \/ -1;   \/* \u5360\u6ee1\u6574\u884c *\/\r\n  justify-self: center;   \/* \u5c45\u4e2d\u5bf9\u9f50 *\/\r\n  width: auto;\r\n  max-width: 400px;       \/* \u4e0e\u5176\u4ed6\u56fe\u7247\u76f8\u540c *\/\r\n}\r\n\r\n\/* \u624b\u673a\u7aef 1 \u5217 *\/\r\n@media (max-width: 768px) {\r\n  .ms7-grid {\r\n    grid-template-columns: 1fr;\r\n  }\r\n}\r\n\r\n.ms7-card {\r\n  overflow: hidden;\r\n  border-radius: 12px;\r\n  box-shadow: 0 8px 20px rgba(0,0,0,0.15);\r\n  transition: transform 0.3s, box-shadow 0.3s;\r\n}\r\n\r\n.ms7-card img {\r\n  width: 100%;\r\n  height: 100%;\r\n  object-fit: cover;\r\n  display: block;\r\n  transition: transform 0.3s;\r\n}\r\n\r\n.ms7-card:hover img {\r\n  transform: scale(1.05);\r\n}\r\n\r\n.ms7-card:hover {\r\n  transform: translateY(-4px);\r\n  box-shadow: 0 12px 28px rgba(0,0,0,0.2);\r\n}\r\n\r\n\/* \u55ae\u5f35\u6b65\u9a5f\u5361 *\/\r\n.ms7-card{background:linear-gradient(180deg, rgba(255,255,255,.04), rgba(255,255,255,.02));\r\n  border:1px solid rgba(255,255,255,.14);border-radius:var(--radius);overflow:hidden;box-shadow:var(--shadow)}\r\n.ms7-media{aspect-ratio:16\/9;background:#0c1222;position:relative}\r\n.ms7-media img{width:100%;height:100%;object-fit:cover;display:block;filter:saturate(105%) contrast(105%)}\r\n.ms7-body{padding:18px 18px 22px}\r\n.ms7-step{display:flex;align-items:center;gap:10px;margin-bottom:8px}\r\n.ms7-badge{width:32px;height:32px;border-radius:50%;display:inline-flex;\r\n  align-items:center;justify-content:center;font-weight:900;background:var(--accent);color:#1C1C1C}\r\n.ms7-h3{margin:0;font-size:18px;font-weight:900;color:#fff}\r\n.ms7-p{margin:6px 0 0;color:var(--muted);line-height:1.75}\r\n\r\n\/* \u96d9\u6b04\u8cc7\u8a0a\u8207 WhatsApp CTA *\/\r\n.ms7-info{display:grid;gap:26px;margin-top:36px}\r\n@media(min-width:992px){.ms7-info{grid-template-columns:1.1fr .9fr;align-items:center}}\r\n.ms7-card--info{background:rgba(255,255,255,.04);border:1px solid rgba(255,255,255,.14);\r\n  border-radius:var(--radius);box-shadow:var(--shadow);overflow:hidden}\r\n.ms7-info-list{margin:10px 0 0;padding-left:18px;color:var(--muted)}\r\n.ms7-info-list li{margin:6px 0;line-height:1.8}\r\n.ms7-cta{display:flex;flex-wrap:wrap;gap:12px;margin-top:18px}\r\n.ms7-btn{display:inline-flex;align-items:center;gap:10px;height:48px;padding:0 22px;\r\n  border-radius:999px;border:0;background:var(--brand);color:#fff;font-weight:800;\r\n  box-shadow:0 8px 18px rgba(47,102,245,.32);transition:.2s;text-decoration:none}\r\n.ms7-btn:hover{background:var(--brand-600);transform:translateY(-2px)}\r\n.ms7-btn--ghost{background:transparent;border:1px solid rgba(255,255,255,.5);box-shadow:none}\r\n\r\n@media (max-width: 768px) {\r\n  .ms7-cta .ms7-btn {\r\n    width: 80%;          \/* \u624b\u673a\u7aef\u6309\u94ae\u5360\u5c4f\u5e55\u5bbd\u5ea6 *\/\r\n    text-align: center;  \/* \u5c45\u4e2d *\/\r\n  }\r\n}\r\n\r\n\/* \u5e95\u90e8\u5927 CTA *\/\r\n.ms7-bottom{margin-top:46px;text-align:center;background:\r\n  radial-gradient(900px 360px at 50% -10%, rgba(248,208,71,.18), transparent 60%),\r\n  var(--ink-800);border-radius:24px;padding:34px 18px;border:1px solid rgba(255,255,255,.14)}\r\n.ms7-bottom h3{margin:0 0 8px;font-size:28px;color:#fff;font-weight:900}\r\n.ms7-bottom p{margin:0 0 16px;color:var(--muted)}\r\n<\/style>\r\n\r\n<section class=\"ms7\">\r\n  <div class=\"ms7-wrap\">\r\n    <!-- \u6a19\u984c -->\r\n    <div class=\"ms7-eyebrow\">PROCESSUS<\/div>\r\n    <h2 class=\"ms7-title\">Processus standardis\u00e9 en 7 \u00e9tapes : clair, rapide et transparent<\/h2>\r\n    <p class=\"ms7-sub\"><br>Du choix de l\u2019emplacement \u00e0 la r\u00e9ception en entrep\u00f4t&nbsp;\u2014&nbsp;une \u00e9quipe d\u00e9di\u00e9e vous accompagne \u00e0 chaque \u00e9tape.<br><br><\/p>\r\n\r\n    <!-- 7 \u6b65\u9a5f\u5361\u7247 -->\r\n    <div class=\"ms7-grid\">\r\n      <!-- 1 -->\r\n      <article class=\"ms7-card\">\r\n        <div class=\"ms7-media\">\r\n          <img decoding=\"async\" src=\"https:\/\/melodychinasupply.com\/wp-content\/uploads\/2025\/11\/pexels-droosmo-2971385-scaled.jpg\"alt=\"\">\r\n        <\/div>\r\n        <div class=\"ms7-body\">\r\n          <div class=\"ms7-step\"><span class=\"ms7-badge\">1\ufe0f\u20e3<\/span><h3 class=\"ms7-h3\">Validation du local<\/h3><\/div>\r\n          <p class=\"ms7-p\">Vous choisissez un emplacement dans votre pays et nous envoyez le plan et des photos de l\u2019environnement.<\/p>\r\n        <\/div>\r\n      <\/article>\r\n      <!-- 2 -->\r\n      <article class=\"ms7-card\">\r\n        <div class=\"ms7-media\">\r\n          <img decoding=\"async\" src=\"https:\/\/images.unsplash.com\/photo-1531379410502-63bfe8cdaf6f?q=80&w=1200&auto=format&fit=crop\" alt=\"\">\r\n        <\/div>\r\n        <div class=\"ms7-body\">\r\n          <div class=\"ms7-step\"><span class=\"ms7-badge\">2\ufe0f\u20e3<\/span><h3 class=\"ms7-h3\">Cr\u00e9ation du compte client<\/h3><\/div>\r\n          <p class=\"ms7-p\">Suite \u00e0 un d\u00e9p\u00f4t que vous nous versez (totalement d\u00e9ductible de la commande finale), nous cr\u00e9ons votre acc\u00e8s \u00e0 notre plateforme et affectons une \u00e9quipe d\u00e9di\u00e9e.<\/p>\r\n        <\/div>\r\n      <\/article>\r\n      <!-- 3 -->\r\n      <article class=\"ms7-card\">\r\n        <div class=\"ms7-media\">\r\n          <img decoding=\"async\" src=\"https:\/\/images.unsplash.com\/photo-1503387762-592deb58ef4e?q=80&w=1200&auto=format&fit=crop\" alt=\"\">\r\n        <\/div>\r\n        <div class=\"ms7-body\">\r\n          <div class=\"ms7-step\"><span class=\"ms7-badge\">3\ufe0f\u20e3<\/span><h3 class=\"ms7-h3\">Conception du magasin<\/h3><\/div>\r\n          <p class=\"ms7-p\">Disposition et dimensions des rayons, espaces publicitaires, planification des assortiments, chariots\/caisses &amp; syst\u00e8me de stocks.<\/p>\r\n        <\/div>\r\n      <\/article>\r\n      <!-- 4 -->\r\n      <article class=\"ms7-card\">\r\n        <div class=\"ms7-media\">\r\n          <img decoding=\"async\" src=\"https:\/\/melodychinasupply.com\/wp-content\/uploads\/2025\/11\/pexels-tara-winstead-8850721-scaled.jpg\" alt=\"\">\r\n        <\/div>\r\n        <div class=\"ms7-body\">\r\n          <div class=\"ms7-step\"><span class=\"ms7-badge\">4\ufe0f\u20e3<\/span><h3 class=\"ms7-h3\">Validation finale<\/h3><\/div>\r\n          <p class=\"ms7-p\">Confirmation de la liste produits, des rayons personnalis\u00e9s, du poids total et du volume global.<\/p>\r\n        <\/div>\r\n      <\/article>\r\n      <!-- 5 -->\r\n      <article class=\"ms7-card\">\r\n        <div class=\"ms7-media\">\r\n          <img decoding=\"async\" src=\"https:\/\/melodychinasupply.com\/wp-content\/uploads\/2025\/11\/pexels-ketut-subiyanto-4246118-scaled.jpg\" alt=\"\">\r\n        <\/div>\r\n        <div class=\"ms7-body\">\r\n          <div class=\"ms7-step\"><span class=\"ms7-badge\">5\ufe0f\u20e3<\/span><h3 class=\"ms7-h3\">Production et emballage<\/h3><\/div>\r\n          <p class=\"ms7-p\">Apr\u00e8s paiement, lancement imm\u00e9diat de la pr\u00e9paration produits et fabrication des rayons sur mesure.<\/p>\r\n        <\/div>\r\n      <\/article>\r\n      <!-- 6 -->\r\n      <article class=\"ms7-card\">\r\n        <div class=\"ms7-media\">\r\n          <img decoding=\"async\" src=\"https:\/\/melodychinasupply.com\/wp-content\/uploads\/2025\/11\/pexels-pixabay-262353-scaled.jpg\" alt=\"\">\r\n        <\/div>\r\n        <div class=\"ms7-body\">\r\n          <div class=\"ms7-step\"><span class=\"ms7-badge\">6\ufe0f\u20e3<\/span><h3 class=\"ms7-h3\">Coordination logistique<\/h3><\/div>\r\n          <p class=\"ms7-p\">Proposition de transitaires partenaires (export, maritime, douane import&nbsp;optionnelle). Nous vous assistons sur toutes les d\u00e9marches.<\/p>\r\n        <\/div>\r\n      <\/article>\r\n      <!-- 7 -->\r\n      <article class=\"ms7-card last\">\r\n        <div class=\"ms7-media\">\r\n          <img decoding=\"async\" src=\"https:\/\/melodychinasupply.com\/wp-content\/uploads\/2025\/11\/pexels-tima-miroshnichenko-6169056-scaled.jpg\" alt=\"\">\r\n        <\/div>\r\n        <div class=\"ms7-body\">\r\n          <div class=\"ms7-step\"><span class=\"ms7-badge\">7\ufe0f\u20e3<\/span><h3 class=\"ms7-h3\">Exp\u00e9dition et r\u00e9ception<\/h3><\/div>\r\n          <p class=\"ms7-p\">Remise au transporteur choisi. \u00c0 l\u2019arriv\u00e9e, vous r\u00e9cup\u00e9rez localement vos produits et lancez l\u2019am\u00e9nagement du magasin.<\/p>\r\n        <\/div>\r\n      <\/article>\r\n    <\/div>\r\n <\/div>\r\n    \r\n\r\n      <div>\r\n       <div class=\"ms7-eyebrow\" style=\"margin: 0 20px 20;\">POUR QUI ?\r\n       <\/div>\r\n       <\/div>\r\n<h3 class=\"ms7-title\" style=\"margin: 0 20px 6px; font-size:36px\">\r\n  Magasins \u00e0 1\u20ac \u00b7 Discounts \u00b7 Supermarch\u00e9s\r\n<\/h3>\r\n<p class=\"ms7-sub\" style=\"margin: 0 20px;\">\r\n  <\/br>Fournisseur chinois pour les magasins \u00e0 1\u20ac et la grande distribution mondiale&nbsp;: +30&nbsp;000 r\u00e9f\u00e9rences, prix comp\u00e9titifs, d\u00e9lais ma\u00eetris\u00e9s.\r\n<\/p><\/br><\/br>\r\n<div class=\"ms7-cta\" style=\"margin: 0 60px 20px; display:flex; flex-direction:column; align-items:center; gap:12px;\r\n padding-bottom:40px;  \/* \u589e\u52a0\u5e95\u90e8\u7a7a\u95f4 *\/\">\r\n  <a class=\"ms7-btn\" href=\"https:\/\/melodychinasupply.com\/?page_id=789\">Lancer mon projet<\/a>\r\n\r\n<\/div>\r\n\r\n   \r\n    <\/div>\r\n  <\/div>\r\n<\/section>\r\n\t\t\t\t<\/div>\n\t\t\t\t\t<\/div>\n\t\t\t\t<\/div>\n\t\t\t\t<\/div>\n\t\t","protected":false},"excerpt":{"rendered":"<p>La proc\u00e9dure d&#8217;ouverture PROCESSUS Processus standardis\u00e9 en 7 \u00e9tapes : clair, rapide et transparent Du choix de l\u2019emplacement \u00e0 la r\u00e9ception en entrep\u00f4t&nbsp;\u2014&nbsp;une \u00e9quipe d\u00e9di\u00e9e vous accompagne \u00e0 chaque \u00e9tape. 1\ufe0f\u20e3 Validation du local Vous choisissez un emplacement dans votre pays et nous envoyez le plan et des photos de l\u2019environnement. 2\ufe0f\u20e3 Cr\u00e9ation du compte [&hellip;]<\/p>\n","protected":false},"author":1,"featured_media":0,"parent":0,"menu_order":0,"comment_status":"closed","ping_status":"closed","template":"","meta":{"footnotes":""},"class_list":["post-1657","page","type-page","status-publish","hentry"],"blocksy_meta":[],"_links":{"self":[{"href":"https:\/\/melodychinasupply.com\/index.php?rest_route=\/wp\/v2\/pages\/1657","targetHints":{"allow":["GET"]}}],"collection":[{"href":"https:\/\/melodychinasupply.com\/index.php?rest_route=\/wp\/v2\/pages"}],"about":[{"href":"https:\/\/melodychinasupply.com\/index.php?rest_route=\/wp\/v2\/types\/page"}],"author":[{"embeddable":true,"href":"https:\/\/melodychinasupply.com\/index.php?rest_route=\/wp\/v2\/users\/1"}],"replies":[{"embeddable":true,"href":"https:\/\/melodychinasupply.com\/index.php?rest_route=%2Fwp%2Fv2%2Fcomments&post=1657"}],"version-history":[{"count":5,"href":"https:\/\/melodychinasupply.com\/index.php?rest_route=\/wp\/v2\/pages\/1657\/revisions"}],"predecessor-version":[{"id":2094,"href":"https:\/\/melodychinasupply.com\/index.php?rest_route=\/wp\/v2\/pages\/1657\/revisions\/2094"}],"wp:attachment":[{"href":"https:\/\/melodychinasupply.com\/index.php?rest_route=%2Fwp%2Fv2%2Fmedia&parent=1657"}],"curies":[{"name":"wp","href":"https:\/\/api.w.org\/{rel}","templated":true}]}}