{"id":1664,"date":"2025-11-12T12:54:03","date_gmt":"2025-11-12T12:54:03","guid":{"rendered":"https:\/\/melodychinasupply.com\/?page_id=1664"},"modified":"2025-11-16T01:52:09","modified_gmt":"2025-11-16T01:52:09","slug":"brochure","status":"publish","type":"page","link":"https:\/\/melodychinasupply.com\/?page_id=1664","title":{"rendered":"Brochure de pr\u00e9sentation"},"content":{"rendered":"\t\t<div data-elementor-type=\"wp-page\" data-elementor-id=\"1664\" class=\"elementor elementor-1664\">\n\t\t\t\t<div class=\"elementor-element elementor-element-aafa4eb e-flex e-con-boxed e-con e-parent\" data-id=\"aafa4eb\" data-element_type=\"container\">\n\t\t\t\t\t<div class=\"e-con-inner\">\n\t\t\t\t<div class=\"elementor-element elementor-element-a3e42e0 elementor-widget elementor-widget-html\" data-id=\"a3e42e0\" data-element_type=\"widget\" data-widget_type=\"html.default\">\n\t\t\t\t\t<!-- =========================\r\n     Melody Supply \u00b7 1\u20ac Concept Section (\u6df1\u85cd\u4e3b\u984c)\r\n========================= -->\r\n<style>\r\n:root{\r\n  --ink:#0B1220;\r\n  --brand:#2F66F5;\r\n  --brand-600:#2348B8;\r\n  --accent:#F8D047;\r\n  --text:#E9EEF8;\r\n  --muted:#C8D2E6;\r\n  --radius:18px;\r\n}\r\n.oneeuro{background:\r\n  radial-gradient(1200px 520px at 65% -10%, rgba(47,102,245,.16), transparent 60%),\r\n  var(--ink);color:var(--text);padding:80px 18px;}\r\n.oneeuro-wrap{max-width:1200px;margin:auto;}\r\n.oneeuro h2{font-size:34px;font-weight:900;margin:0 0 18px;color:#fff;line-height:1.2}\r\n.oneeuro p{font-size:17px;color:var(--muted);line-height:1.9;margin:0 0 26px}\r\n.oneeuro-grid {\r\n  display: grid;\r\n  grid-template-columns: repeat(2, 1fr);\r\n  gap: 24px;\r\n  margin-top: 34px;\r\n}\r\n\/* \u624b\u673a\u4e0a\u4e00\u5217 *\/\r\n@media (max-width: 768px) {\r\n  .oneeuro-grid {\r\n    grid-template-columns: 1fr;\r\n  }\r\n}\r\n@media(min-width:1220px){.oneeuro-grid{grid-template-columns:repeat(3,1fr)}}\r\n.oneeuro-card{background:linear-gradient(180deg,rgba(255,255,255,.05),rgba(255,255,255,.03));\r\nborder:1px solid rgba(255,255,255,.14);border-radius:var(--radius);overflow:hidden;transition:.3s}\r\n.oneeuro-card:hover{transform:translateY(-4px);border-color:rgba(255,255,255,.3)}\r\n.oneeuro-img{aspect-ratio:16\/9;background:#111;overflow:hidden}\r\n.oneeuro-img img{width:100%;height:100%;object-fit:cover;display:block}\r\n.oneeuro-body{padding:22px}\r\n.oneeuro-body h3{margin:0 0 8px;font-size:20px;color:#fff;font-weight:900}\r\n.oneeuro-body p{margin:0;color:var(--muted);font-size:15px;line-height:1.8}\r\n.oneeuro-list{padding-left:18px;margin:10px 0 20px;color:var(--muted)}\r\n.oneeuro-list li{margin:px 0;line-height:2.2}\r\n.oneeuro-btn{display:inline-flex;align-items:center;justify-content:center;height:46px;\r\npadding:0 22px;border-radius:999px;font-weight:800;background:var(--brand);\r\ncolor:#fff;text-decoration:none;box-shadow:0 8px 18px rgba(47,102,245,.32);transition:.2s}\r\n.oneeuro-btn:hover{background:var(--brand-600);transform:translateY(-2px)}\r\n.oneeuro-cta{text-align:center;margin-top:60px}\r\n.num-circle-adv {\r\n  display: inline-block;\r\n  width: 40px;\r\n  height: 40px;\r\n  line-height: 40px;\r\n  border-radius: 50%;\r\n  background: var(--brand);\r\n  color: #fff;\r\n  text-align: center;\r\n  font-weight: 900;\r\n  font-size: 18px;\r\n  margin-right: 12px;\r\n\r\n  \/* \u7acb\u4f53\u6548\u679c *\/\r\n  box-shadow: 0 4px 6px rgba(0,0,0,0.3), 0 0 0 2px rgba(255,255,255,0.1) inset;\r\n  text-shadow: 1px 1px 2px rgba(0,0,0,0.5);\r\n\r\n  \/* \u8fc7\u6e21\u52a8\u753b *\/\r\n  transition: transform 0.2s, box-shadow 0.2s, background 0.2s;\r\n}\r\n\r\n.num-circle-adv:hover {\r\n  transform: translateY(-6px) scale(1.1); \/* \u66f4\u660e\u663e\u62ac\u8d77\u5e76\u653e\u5927 *\/\r\n  background: linear-gradient(145deg, #5AA0FF, #336EFF); \/* \u60ac\u505c\u65f6\u6e10\u53d8\u53d8\u5316 *\/\r\n  box-shadow: 0 8px 12px rgba(0,0,0,0.5), 0 0 0 2px rgba(255,255,255,0.15) inset;\r\n}\r\n\r\n}\r\n\r\n<\/style>\r\n\r\n<section class=\"oneeuro\">\r\n  <div class=\"oneeuro-wrap\">\r\n    <h2>Pourquoi les magasins \u00e0 1 \u20ac s\u00e9duisent le monde entier ?<\/h2>\r\n    <p>Dans un contexte \u00e9conomique incertain, les enseignes \u00e0 petit prix s\u00e9duisent par leur concept\r\n    <strong>\u201cpetit prix + produits utiles + belle exp\u00e9rience client\u201d<\/strong>.  \r\n    Leur mod\u00e8le repose sur un principe simple : <strong>faible co\u00fbt, rotation rapide<\/strong>.<\/p>\r\n\r\n    <div class=\"oneeuro-grid\">\r\n      <article class=\"oneeuro-card\">\r\n        <div class=\"oneeuro-img\"><img decoding=\"async\" src=\"https:\/\/melodychinasupply.com\/wp-content\/uploads\/2025\/11\/IMG_1173-scaled.jpg\" alt=\"\"><\/div>\r\n        <div class=\"oneeuro-body\">\r\n          <h3>Design moderne &amp; attractif<\/h3>\r\n          <p>Magasins lumineux et clairs, favorisant l\u2019achat impulsif et l\u2019exp\u00e9rience agr\u00e9able du client.<\/p>\r\n        <\/div>\r\n      <\/article>\r\n      <article class=\"oneeuro-card\">\r\n        <div class=\"oneeuro-img\"><img decoding=\"async\" src=\"https:\/\/melodychinasupply.com\/wp-content\/uploads\/2025\/11\/pexels-panos-and-marenia-stavrinos-106103914-9648153-scaled.jpg\" alt=\"\"><\/div>\r\n        <div class=\"oneeuro-body\">\r\n          <h3>Prix imbattables<\/h3>\r\n          <p>Tous les articles entre <strong>1\u20ac et 2\u20ac<\/strong>, rendant l\u2019achat simple et plaisant, avec des marges \u00e9lev\u00e9es.<\/p>\r\n        <\/div>\r\n      <\/article>\r\n      <article class=\"oneeuro-card\">\r\n        <div class=\"oneeuro-img\"><img decoding=\"async\" src=\"https:\/\/melodychinasupply.com\/wp-content\/uploads\/2025\/11\/pexels-shvetsa-5218019-scaled.jpg\" alt=\"\"><\/div>\r\n        <div class=\"oneeuro-body\">\r\n          <h3>Produits du quotidien<\/h3>\r\n          <p>Articles essentiels soigneusement s\u00e9lectionn\u00e9s pour r\u00e9pondre aux besoins quotidiens des clients, assurant ainsi leur fid\u00e9lisation et leur satisfaction sur le long terme.<\/p>\r\n        <\/div>\r\n      <\/article>\r\n      <article class=\"oneeuro-card\">\r\n        <div class=\"oneeuro-img\"><img decoding=\"async\" src=\"https:\/\/melodychinasupply.com\/wp-content\/uploads\/2025\/11\/pexels-19x14-8481899-scaled.jpg\" alt=\"\"><\/div>\r\n        <div class=\"oneeuro-body\">\r\n          <h3>Renouvellement fr\u00e9quent<\/h3>\r\n          <p>Nouveaut\u00e9s r\u00e9guli\u00e8res : constamment de la vari\u00e9t\u00e9 et de l\u2019attrait, garantissant un flux de clients constant et dynamique tout au long de l\u2019ann\u00e9e.<\/p>\r\n        <\/div>\r\n      <\/article>\r\n    <\/div>\r\n\r\n    <p style=\"margin-top:34px\">\ud83d\udc49 Une opportunit\u00e9 durable, rentable et facile \u00e0 g\u00e9rer.<\/p>\r\n\r\n    <h2 style=\"margin-top:60px\">6 difficult\u00e9s majeures ? Nous les r\u00e9glons toutes !<\/h2>\r\n    <ul class=\"oneeuro-list\">\r\n        \r\n      <li><strong style=\"font-weight:900; opacity:1;font-size:20px;\">Fournisseurs instables :<\/strong> Qualit\u00e9 in\u00e9gale, gammes limit\u00e9es ?\r\nNous collaborons avec des milliers d\u2019usines chinoises \u2014 23 cat\u00e9gories, plus de 30 000 produits de consommation courante \u2014 \u00e0 prix d\u2019usine, avec une qualit\u00e9 homog\u00e8ne et des nouveaut\u00e9s r\u00e9guli\u00e8res.<\/li>\r\n      <li><strong style=\"font-weight:900; opacity:1;font-size:20px;\">Recherche chronophage :<\/strong> Fini les \u00e9changes interminables avec plusieurs fournisseurs ! Gr\u00e2ce \u00e0 notre plateforme en ligne, vous s\u00e9lectionnez vos produits directement. Tout est en stock : aucun besoin de venir en Chine, vous \u00eates gagnant en temps et en voyage.<\/li>\r\n      <li><strong style=\"font-weight:900; opacity:1;font-size:20px;\">Aucune exp\u00e9rience :<\/strong> Pas d\u2019inqui\u00e9tude. Nous r\u00e9alisons pour vous l\u2019organisation du magasin, la disposition des rayons, la conception des espaces publicitaires et la r\u00e9partition des produits, enti\u00e8rement personnalis\u00e9s selon votre local.<\/li>\r\n      <li><strong style=\"font-weight:900; opacity:1;font-size:20px;\">Pression de stock :<\/strong> Achetez en petites quantit\u00e9s \u2014 mixez les produits \u00e0 faible MOQ, testez le march\u00e9 et\r\nr\u00e9approvisionnez selon la demande.<\/li>\r\n      <li><strong style=\"font-weight:900; opacity:1;font-size:20px;\">Transport complexe :<\/strong> Nous regroupons et emballons vos produits de multiples cat\u00e9gories pour un chargement\r\noptimis\u00e9 en conteneur<\/li>\r\n      <li><strong style=\"font-weight:900; opacity:1;font-size:20px;\">Processus flou :<\/strong> Gr\u00e2ce \u00e0 notre proc\u00e9dure standardis\u00e9e en 7 \u00e9tapes, vous serez accompagn\u00e9 de A \u00e0 Z \u2014 du concept \u00e0 l\u2019exp\u00e9dition, en moins de deux semaines.<\/li><\/br>\r\n    <\/ul>\r\n\r\n    <h2>Pourquoi nous choisir ? 8 avantages uniques<\/h2>\r\n    <div class=\"oneeuro-grid\">\r\n      <article class=\"oneeuro-card\">\r\n        <div class=\"oneeuro-body\">\r\n          <h3><span class=\"num-circle-adv\">1<\/span> Prix \u00e0 la source<\/h3>\r\n          <p>20 ans d\u2019exp\u00e9rience sans interm\u00e9diaire \u2013 articles d\u00e8s 0,2 \u20ac, marges maximales.<\/p>\r\n        <\/div>\r\n      <\/article>\r\n      <article class=\"oneeuro-card\"><div class=\"oneeuro-body\"><h3><span class=\"num-circle-adv\">2<\/span> Commande flexibles<\/h3><p>Mix produits, sans stock excessif ; testez, r\u00e9approvisionnez selon la demande.<\/p><\/div><\/article>\r\n      <article class=\"oneeuro-card\"><div class=\"oneeuro-body\"><h3><span class=\"num-circle-adv\">3<\/span> S\u00e9lection en ligne<\/h3><p>+30 000 r\u00e9f\u00e9rences accessibles depuis chez vous \u2013 gain de temps assur\u00e9.<\/p><\/div><\/article>\r\n      <article class=\"oneeuro-card\"><div class=\"oneeuro-body\"><h3><span class=\"num-circle-adv\">4<\/span> Produits \u00e0 succ\u00e8s renouvel\u00e9s<\/h3><p>Bas\u00e9s sur les tendances mondiales, nouveaut\u00e9s constantes.<\/p><\/div><\/article>\r\n      <article class=\"oneeuro-card\"><div class=\"oneeuro-body\"><h3><span class=\"num-circle-adv\">5<\/span> Support complet<\/h3><p>Conception, rayonnage, mobilier et gestion de stock : tout peut \u00eatre pris en charge.<\/p><\/div><\/article>\r\n      <article class=\"oneeuro-card\"><div class=\"oneeuro-body\"><h3><span class=\"num-circle-adv\">6<\/span> Syst\u00e8mes intelligents<\/h3><p>Caisse et gestion automatis\u00e9es, simples et rapides \u00e0 utiliser.<\/p><\/div><\/article>\r\n      <article class=\"oneeuro-card\"><div class=\"oneeuro-body\"><h3><span class=\"num-circle-adv\">7<\/span> Support visuel<\/h3><p>Affiches et kits marketing pr\u00eats \u00e0 l\u2019emploi, adaptables \u00e0 votre identit\u00e9.<\/p><\/div><\/article>\r\n      <article class=\"oneeuro-card\"><div class=\"oneeuro-body\"><h3><span class=\"num-circle-adv\">8<\/span> Transport group\u00e9<\/h3><p>Chargement unique optimis\u00e9 : toutes vos marchandises en une seule exp\u00e9dition.<\/p><\/div><\/article>\r\n    <\/div>\r\n\r\n    <div class=\"oneeuro-cta\">\r\n      <h2>Pr\u00eat \u00e0 d\u00e9marrer ?<\/h2>\r\n      <p>Remplissez notre formulaire d\u00e9taill\u00e9 sur votre local, budget et exp\u00e9rience. Nous vous contacterons pour lancer votre projet dans les plus brefs d\u00e9lais.<\/p>\r\n      <a href=\"https:\/\/melodychinasupply.com\/?page_id=1657\" target=\"_blank\" class=\"oneeuro-btn\">Commencer maintenant<\/a>\r\n    <\/div>\r\n  <\/div>\r\n<\/section>\r\n\t\t\t\t<\/div>\n\t\t\t\t\t<\/div>\n\t\t\t\t<\/div>\n\t\t\t\t<\/div>\n\t\t","protected":false},"excerpt":{"rendered":"<p>Pourquoi les magasins \u00e0 1 \u20ac s\u00e9duisent le monde entier ? Dans un contexte \u00e9conomique incertain, les enseignes \u00e0 petit prix s\u00e9duisent par leur concept \u201cpetit prix + produits utiles + belle exp\u00e9rience client\u201d. Leur mod\u00e8le repose sur un principe simple : faible co\u00fbt, rotation rapide. Design moderne &amp; attractif Magasins lumineux et clairs, favorisant [&hellip;]<\/p>\n","protected":false},"author":1,"featured_media":0,"parent":0,"menu_order":0,"comment_status":"closed","ping_status":"closed","template":"","meta":{"footnotes":""},"class_list":["post-1664","page","type-page","status-publish","hentry"],"blocksy_meta":[],"_links":{"self":[{"href":"https:\/\/melodychinasupply.com\/index.php?rest_route=\/wp\/v2\/pages\/1664","targetHints":{"allow":["GET"]}}],"collection":[{"href":"https:\/\/melodychinasupply.com\/index.php?rest_route=\/wp\/v2\/pages"}],"about":[{"href":"https:\/\/melodychinasupply.com\/index.php?rest_route=\/wp\/v2\/types\/page"}],"author":[{"embeddable":true,"href":"https:\/\/melodychinasupply.com\/index.php?rest_route=\/wp\/v2\/users\/1"}],"replies":[{"embeddable":true,"href":"https:\/\/melodychinasupply.com\/index.php?rest_route=%2Fwp%2Fv2%2Fcomments&post=1664"}],"version-history":[{"count":5,"href":"https:\/\/melodychinasupply.com\/index.php?rest_route=\/wp\/v2\/pages\/1664\/revisions"}],"predecessor-version":[{"id":2139,"href":"https:\/\/melodychinasupply.com\/index.php?rest_route=\/wp\/v2\/pages\/1664\/revisions\/2139"}],"wp:attachment":[{"href":"https:\/\/melodychinasupply.com\/index.php?rest_route=%2Fwp%2Fv2%2Fmedia&parent=1664"}],"curies":[{"name":"wp","href":"https:\/\/api.w.org\/{rel}","templated":true}]}}