{"id":1685,"date":"2025-11-12T13:49:46","date_gmt":"2025-11-12T13:49:46","guid":{"rendered":"https:\/\/melodychinasupply.com\/?page_id=1685"},"modified":"2025-11-16T00:22:27","modified_gmt":"2025-11-16T00:22:27","slug":"services-2","status":"publish","type":"page","link":"https:\/\/melodychinasupply.com\/?page_id=1685","title":{"rendered":"Nos services"},"content":{"rendered":"\t\t<div data-elementor-type=\"wp-page\" data-elementor-id=\"1685\" class=\"elementor elementor-1685\">\n\t\t\t\t<div class=\"elementor-element elementor-element-acdd04a e-flex e-con-boxed e-con e-parent\" data-id=\"acdd04a\" data-element_type=\"container\">\n\t\t\t\t\t<div class=\"e-con-inner\">\n\t\t\t\t<div class=\"elementor-element elementor-element-2b805e8 elementor-widget elementor-widget-html\" data-id=\"2b805e8\" data-element_type=\"widget\" data-widget_type=\"html.default\">\n\t\t\t\t\t<!-- =========================\r\n     Melody Supply \u00b7 Services Int\u00e9graux Section\r\n     \u6df1\u85cd\u4e3b\u984c + \u54c1\u724c\u85cd + \u9ec3\u9ede\u7db4\r\n========================= -->\r\n<style>\r\n:root{\r\n  --ink:#0B1220;\r\n  --ink-800:#0E1526;\r\n  --brand:#2F66F5;\r\n  --brand-600:#2348B8;\r\n  --accent:#F8D047;\r\n  --text:#E9EEF8;\r\n  --muted:#C8D2E6;\r\n  --radius:18px;\r\n  --shadow:0 14px 30px rgba(0,0,0,.28), 0 4px 12px rgba(0,0,0,.16);\r\n}\r\n\r\n.ms-services{\r\n  background:radial-gradient(1200px 520px at 65% -10%, rgba(47,102,245,.16), transparent 60%), var(--ink);\r\n  color:var(--text);\r\n  padding:80px 18px;\r\n}\r\n.ms-wrap{max-width:1200px;margin:auto;}\r\n.ms-eyebrow{\r\n  display:inline-block;font-size:13px;letter-spacing:.12em;text-transform:uppercase;\r\n  color:#AFC8FF;border:1px solid rgba(255,255,255,.22);\r\n  padding:6px 10px;border-radius:999px;background:rgba(255,255,255,.06)\r\n}\r\n.ms-title{font-size:34px;font-weight:900;margin:12px 0 18px;color:#fff;line-height:1.15}\r\n.ms-sub{color:var(--muted);font-size:17px;line-height:1.8;margin:0 0 32px}\r\n\r\n.ms-grid{display:grid;gap:26px}\r\n@media(min-width:992px){.ms-grid--2{grid-template-columns:repeat(2,1fr)}}\r\n\r\n.ms-card{\r\n  background:linear-gradient(180deg,rgba(255,255,255,.05),rgba(255,255,255,.03));\r\n  border:1px solid rgba(255,255,255,.14);\r\n  border-radius:var(--radius);\r\n  overflow:hidden;box-shadow:var(--shadow);\r\n  transition:.3s;\r\n}\r\n.ms-card:hover{transform:translateY(-4px);border-color:rgba(255,255,255,.3)}\r\n.ms-img{aspect-ratio:16\/9;background:#111;overflow:hidden}\r\n.ms-img img{width:100%;height:100%;object-fit:cover;display:block}\r\n.ms-body{padding:24px}\r\n.ms-body h3{font-size:22px;font-weight:900;color:#fff;margin:0 0 10px}\r\n.ms-body p{color:var(--muted);margin:0 0 14px;line-height:1.8}\r\n.ms-list{padding-left:18px;margin:0;color:var(--muted)}\r\n.ms-list li{margin:6px 0;line-height:1.8}\r\n.ms-accent{color:var(--accent);font-weight:700}\r\n.oneeuro-btn{display:inline-flex;align-items:center;justify-content:center;height:46px;\r\npadding:0 22px;border-radius:999px;font-weight:800;background:var(--brand);\r\ncolor:#fff;text-decoration:none;box-shadow:0 8px 18px rgba(47,102,245,.32);transition:.2s}\r\n.oneeuro-btn:hover{background:var(--brand-600);transform:translateY(-2px)}\r\n.oneeuro-cta h2{text-align:center;margin-top:60px;color: #fff;}\r\n.oneeuro-cta {text-align:center;margin-top:60px;color: #fff;}\r\n.num-circle-adv {\r\n  display: inline-block;\r\n  width: 40px;\r\n  height: 40px;\r\n  line-height: 40px;\r\n  border-radius: 50%;\r\n  background: var(--brand);\r\n  color: #fff;\r\n  text-align: center;\r\n  font-weight: 900;\r\n  font-size: 18px;\r\n  margin-right: 12px;\r\n\r\n  \/* \u7acb\u4f53\u6548\u679c *\/\r\n  box-shadow: 0 4px 6px rgba(0,0,0,0.3), 0 0 0 2px rgba(255,255,255,0.1) inset;\r\n  text-shadow: 1px 1px 2px rgba(0,0,0,0.5);\r\n\r\n  \/* \u8fc7\u6e21\u52a8\u753b *\/\r\n  transition: transform 0.2s, box-shadow 0.2s, background 0.2s;\r\n}\r\n\r\n.num-circle-adv:hover {\r\n  transform: translateY(-6px) scale(1.1); \/* \u66f4\u660e\u663e\u62ac\u8d77\u5e76\u653e\u5927 *\/\r\n  background: linear-gradient(145deg, #5AA0FF, #336EFF); \/* \u60ac\u505c\u65f6\u6e10\u53d8\u53d8\u5316 *\/\r\n  box-shadow: 0 8px 12px rgba(0,0,0,0.5), 0 0 0 2px rgba(255,255,255,0.15) inset;\r\n}\r\n\r\n<\/style>\r\n\r\n<section class=\"ms-services\">\r\n  <div class=\"ms-wrap\">\r\n    <div class=\"ms-eyebrow\">SERVICES INT\u00c9GRAUX<\/div>\r\n    <h2 class=\"ms-title\">De l\u2019agencement au fonctionnement complet de votre magasin<\/h2>\r\n    <\/div>\r\n    <p class=\"ms-sub\">Au-del\u00e0 de l\u2019approvisionnement, nous concevons et \u00e9quipons votre espace de vente pour une exp\u00e9rience client optimale et une gestion simplifi\u00e9e.<\/p>\r\n\r\n    <div class=\"ms-grid ms-grid--2\">\r\n\r\n      <!-- 1. S\u00e9lection de Produits -->\r\n      <article class=\"ms-card\">\r\n        <div class=\"ms-img\">\r\n          <img decoding=\"async\" src=\"https:\/\/melodychinasupply.com\/wp-content\/uploads\/2025\/11\/pexels-tim-douglas-6205494-scaled.jpg\" alt=\"S\u00e9lection produits\">\r\n        <\/div>\r\n        <div class=\"ms-body\">\r\n          <h3><span class=\"num-circle-adv\">1<\/span> S\u00e9lection de Produits &amp; Plan d\u2019Assortiment<\/h3>\r\n          <p>Acc\u00e9dez \u00e0 <strong>30 000+ produits<\/strong> sur notre plateforme, et b\u00e9n\u00e9ficiez de conseils experts pour constituer un assortiment \u00e9quilibr\u00e9 et rentable selon votre march\u00e9 local.<\/p>\r\n          <ul class=\"ms-list\">\r\n            <li>Acc\u00e8s \u00e0 notre plateforme de s\u00e9lection en ligne.<\/li>\r\n            <li>Conseil en merchandising pour un mix gagnant.<\/li>\r\n            <li>Recommandations bas\u00e9es sur les best-sellers internationaux.<\/li>\r\n          <\/ul>\r\n        <\/div>\r\n      <\/article>\r\n\r\n      <!-- 2. Conception sur Mesure -->\r\n      <article class=\"ms-card\">\r\n        <div class=\"ms-img\">\r\n          <img decoding=\"async\" src=\"https:\/\/melodychinasupply.com\/wp-content\/uploads\/2025\/11\/pexels-pixabay-268362-scaled-1.jpg\" alt=\"Agencement magasin\">\r\n        <\/div>\r\n        <div class=\"ms-body\">\r\n          <h3><span class=\"num-circle-adv\">2<\/span>Conception sur Mesure : Plan &amp; Disposition<\/h3>\r\n          <p>\u00c0 partir du plan de votre local, nous r\u00e9alisons <strong>gratuitement<\/strong> un agencement 2D optimis\u00e9 pour la circulation et la mise en valeur des zones cl\u00e9s.<\/p>\r\n          <ul class=\"ms-list\">\r\n            <li>Plan d\u2019agencement personnalis\u00e9 offert (\u2265100 m\u00b2).<\/li>\r\n            <li>Optimisation de l\u2019espace et du parcours client.<\/li>\r\n            <li>Sch\u00e9mas d\u00e9taill\u00e9s pour \u00e9tag\u00e8res murales et centrales.<\/li>\r\n          <\/ul>\r\n        <\/div>\r\n      <\/article>\r\n\r\n      <!-- 3. Fabrication des \u00c9tag\u00e8res -->\r\n      <article class=\"ms-card\">\r\n        <div class=\"ms-img\">\r\n          <img decoding=\"async\" src=\"https:\/\/melodychinasupply.com\/wp-content\/uploads\/2025\/11\/pexels-pavel-danilyuk-7937668-scaled.jpg\" alt=\"\u00c9tag\u00e8res sur mesure\">\r\n        <\/div>\r\n        <div class=\"ms-body\">\r\n          <h3><span class=\"num-circle-adv\">3<\/span>Fabrication d\u2019\u00c9tag\u00e8res Sur Mesure<\/h3>\r\n          <p>Nous fabriquons vos \u00e9tag\u00e8res selon vos dimensions exactes \u2014 robustes, fonctionnelles et modernes \u2014 pour une int\u00e9gration parfaite dans votre espace.<\/p>\r\n          <ul class=\"ms-list\">\r\n            <li>Production apr\u00e8s validation du plan.<\/li>\r\n            <li>Design moderne et structure robuste.<\/li>\r\n            <li>Espaces publicitaires int\u00e9gr\u00e9s en t\u00eate de gondole.<\/li>\r\n          <\/ul>\r\n        <\/div>\r\n      <\/article>\r\n\r\n      <!-- 4. \u00c9quipement Complet -->\r\n      <article class=\"ms-card\">\r\n        <div class=\"ms-img\">\r\n          <img decoding=\"async\" src=\"https:\/\/melodychinasupply.com\/wp-content\/uploads\/2025\/11\/pexels-thirdman-8470839-scaled.jpg\" alt=\"\u00c9quipement magasin\">\r\n        <\/div>\r\n        <div class=\"ms-body\">\r\n          <h3><span class=\"num-circle-adv\">4<\/span>\u00c9quipement Complet du Magasin<\/h3>\r\n          <p>Une solution <span class=\"ms-accent\">\u00ab Pr\u00eat-\u00e0-vendre \u00bb<\/span> : syst\u00e8mes de caisse, chariots, paniers, mat\u00e9riel de pr\u00e9sentation \u2013 tout pour un magasin op\u00e9rationnel et coh\u00e9rent.<\/p>\r\n          <ul class=\"ms-list\">\r\n            <li>Syst\u00e8mes de caisse &amp; gestion de stock intelligents.<\/li>\r\n            <li>Chariots &amp; paniers pour une meilleure exp\u00e9rience client.<\/li>\r\n            <li>Accessoires de pr\u00e9sentation et signal\u00e9tique.<\/li>\r\n          <\/ul>\r\n        <\/div>\r\n      <\/article>\r\n\r\n    <\/div>\r\n  <\/div>\r\n   <div class=\"oneeuro-cta\">\r\n      <h2>Pr\u00eat \u00e0 d\u00e9marrer ?<\/h2>\r\n      <p>Remplissez notre formulaire d\u00e9taill\u00e9 sur votre local, budget et exp\u00e9rience. Nous vous contacterons pour lancer votre projet dans les plus brefs d\u00e9lais.<\/p>\r\n      <a href=\"https:\/\/melodychinasupply.com\/?page_id=789\" target=\"_blank\" class=\"oneeuro-btn\">Commencer maintenant<\/a>\r\n    <\/div>\r\n  <\/div>\r\n<\/section>\r\n\t\t\t\t<\/div>\n\t\t\t\t\t<\/div>\n\t\t\t\t<\/div>\n\t\t\t\t<\/div>\n\t\t","protected":false},"excerpt":{"rendered":"<p>SERVICES INT\u00c9GRAUX De l\u2019agencement au fonctionnement complet de votre magasin Au-del\u00e0 de l\u2019approvisionnement, nous concevons et \u00e9quipons votre espace de vente pour une exp\u00e9rience client optimale et une gestion simplifi\u00e9e. 1 S\u00e9lection de Produits &amp; Plan d\u2019Assortiment Acc\u00e9dez \u00e0 30 000+ produits sur notre plateforme, et b\u00e9n\u00e9ficiez de conseils experts pour constituer un assortiment \u00e9quilibr\u00e9 [&hellip;]<\/p>\n","protected":false},"author":1,"featured_media":0,"parent":0,"menu_order":0,"comment_status":"closed","ping_status":"closed","template":"","meta":{"footnotes":""},"class_list":["post-1685","page","type-page","status-publish","hentry"],"blocksy_meta":[],"_links":{"self":[{"href":"https:\/\/melodychinasupply.com\/index.php?rest_route=\/wp\/v2\/pages\/1685","targetHints":{"allow":["GET"]}}],"collection":[{"href":"https:\/\/melodychinasupply.com\/index.php?rest_route=\/wp\/v2\/pages"}],"about":[{"href":"https:\/\/melodychinasupply.com\/index.php?rest_route=\/wp\/v2\/types\/page"}],"author":[{"embeddable":true,"href":"https:\/\/melodychinasupply.com\/index.php?rest_route=\/wp\/v2\/users\/1"}],"replies":[{"embeddable":true,"href":"https:\/\/melodychinasupply.com\/index.php?rest_route=%2Fwp%2Fv2%2Fcomments&post=1685"}],"version-history":[{"count":5,"href":"https:\/\/melodychinasupply.com\/index.php?rest_route=\/wp\/v2\/pages\/1685\/revisions"}],"predecessor-version":[{"id":2117,"href":"https:\/\/melodychinasupply.com\/index.php?rest_route=\/wp\/v2\/pages\/1685\/revisions\/2117"}],"wp:attachment":[{"href":"https:\/\/melodychinasupply.com\/index.php?rest_route=%2Fwp%2Fv2%2Fmedia&parent=1685"}],"curies":[{"name":"wp","href":"https:\/\/api.w.org\/{rel}","templated":true}]}}